{"id":221,"date":"2024-01-26T15:52:53","date_gmt":"2024-01-26T14:52:53","guid":{"rendered":"https:\/\/jacol.cl\/?post_type=product&#038;p=221"},"modified":"2024-02-09T19:08:07","modified_gmt":"2024-02-09T18:08:07","slug":"draga-de-control-remoto-drp60","status":"publish","type":"product","link":"https:\/\/jacol.cl\/index.php\/producto\/draga-de-control-remoto-drp60\/","title":{"rendered":"Draga de control remoto DRP60"},"content":{"rendered":"","protected":false},"excerpt":{"rendered":"<p>Cuenta con bomba de dragado de di\u00e1metro de descarga de hasta 150 mm (6 pulgadas). Dise\u00f1ada para enfrentar las condiciones m\u00e1s dif\u00edciles en puertos, canteras, minas y cuencas industriales, ofreciendo seguridad al operador y un rendimiento inigualable. Es de tama\u00f1o peque\u00f1o, f\u00e1cil de transportar de uso y acceso. Tiene asistencia remota para cambios en la configuraci\u00f3n y mantenimiento, adem\u00e1s de un control remoto intuitivo para maniobrarla a distancia.<\/p>\n","protected":false},"featured_media":419,"template":"","meta":{"site-sidebar-layout":"default","site-content-layout":"","ast-site-content-layout":"default","site-content-style":"default","site-sidebar-style":"default","ast-global-header-display":"","ast-banner-title-visibility":"","ast-main-header-display":"","ast-hfb-above-header-display":"","ast-hfb-below-header-display":"","ast-hfb-mobile-header-display":"","site-post-title":"","ast-breadcrumbs-content":"","ast-featured-img":"","footer-sml-layout":"","theme-transparent-header-meta":"default","adv-header-id-meta":"","stick-header-meta":"","header-above-stick-meta":"","header-main-stick-meta":"","header-below-stick-meta":"","astra-migrate-meta-layouts":"set","ast-page-background-enabled":"default","ast-page-background-meta":{"desktop":{"background-color":"var(--ast-global-color-4)","background-image":"","background-repeat":"repeat","background-position":"center center","background-size":"auto","background-attachment":"scroll","background-type":"","background-media":"","overlay-type":"","overlay-color":"","overlay-opacity":"","overlay-gradient":""},"tablet":{"background-color":"","background-image":"","background-repeat":"repeat","background-position":"center center","background-size":"auto","background-attachment":"scroll","background-type":"","background-media":"","overlay-type":"","overlay-color":"","overlay-opacity":"","overlay-gradient":""},"mobile":{"background-color":"","background-image":"","background-repeat":"repeat","background-position":"center center","background-size":"auto","background-attachment":"scroll","background-type":"","background-media":"","overlay-type":"","overlay-color":"","overlay-opacity":"","overlay-gradient":""}},"ast-content-background-meta":{"desktop":{"background-color":"var(--ast-global-color-5)","background-image":"","background-repeat":"repeat","background-position":"center center","background-size":"auto","background-attachment":"scroll","background-type":"","background-media":"","overlay-type":"","overlay-color":"","overlay-opacity":"","overlay-gradient":""},"tablet":{"background-color":"var(--ast-global-color-5)","background-image":"","background-repeat":"repeat","background-position":"center center","background-size":"auto","background-attachment":"scroll","background-type":"","background-media":"","overlay-type":"","overlay-color":"","overlay-opacity":"","overlay-gradient":""},"mobile":{"background-color":"var(--ast-global-color-5)","background-image":"","background-repeat":"repeat","background-position":"center center","background-size":"auto","background-attachment":"scroll","background-type":"","background-media":"","overlay-type":"","overlay-color":"","overlay-opacity":"","overlay-gradient":""}}},"product_cat":[23],"product_tag":[],"class_list":{"0":"post-221","1":"product","2":"type-product","3":"status-publish","4":"has-post-thumbnail","6":"product_cat-dragas","7":"desktop-align-left","8":"tablet-align-left","9":"mobile-align-left","11":"first","12":"instock","13":"shipping-taxable","14":"product-type-simple"},"_links":{"self":[{"href":"https:\/\/jacol.cl\/index.php\/wp-json\/wp\/v2\/product\/221","targetHints":{"allow":["GET"]}}],"collection":[{"href":"https:\/\/jacol.cl\/index.php\/wp-json\/wp\/v2\/product"}],"about":[{"href":"https:\/\/jacol.cl\/index.php\/wp-json\/wp\/v2\/types\/product"}],"version-history":[{"count":1,"href":"https:\/\/jacol.cl\/index.php\/wp-json\/wp\/v2\/product\/221\/revisions"}],"predecessor-version":[{"id":303,"href":"https:\/\/jacol.cl\/index.php\/wp-json\/wp\/v2\/product\/221\/revisions\/303"}],"wp:featuredmedia":[{"embeddable":true,"href":"https:\/\/jacol.cl\/index.php\/wp-json\/wp\/v2\/media\/419"}],"wp:attachment":[{"href":"https:\/\/jacol.cl\/index.php\/wp-json\/wp\/v2\/media?parent=221"}],"wp:term":[{"taxonomy":"product_cat","embeddable":true,"href":"https:\/\/jacol.cl\/index.php\/wp-json\/wp\/v2\/product_cat?post=221"},{"taxonomy":"product_tag","embeddable":true,"href":"https:\/\/jacol.cl\/index.php\/wp-json\/wp\/v2\/product_tag?post=221"}],"curies":[{"name":"wp","href":"https:\/\/api.w.org\/{rel}","templated":true}]}}