{"id":441,"date":"2024-02-09T20:38:04","date_gmt":"2024-02-09T19:38:04","guid":{"rendered":"https:\/\/jacol.cl\/?post_type=product&#038;p=441"},"modified":"2024-02-12T16:51:12","modified_gmt":"2024-02-12T15:51:12","slug":"manguera-ultraman-hvt","status":"publish","type":"product","link":"https:\/\/jacol.cl\/index.php\/producto\/manguera-ultraman-hvt\/","title":{"rendered":"Manguera-Ultraman HVT"},"content":{"rendered":"","protected":false},"excerpt":{"rendered":"<p><span>Manguera dise\u00f1ada con tejido especial que no se retuerce durante el bombeo a baja presi\u00f3n. R<\/span><span>ecupera el total del di\u00e1metro despu\u00e9s de liberar la presi\u00f3n y es resistente a una amplia gama de productos qu\u00edmicos. E<\/span><span>sta manguera puede funcionar en las situaciones m\u00e1s exigentes, pues ha sido desarrollada con una excelente resistencia a la hidr\u00f3lisis y a los hongos, adem\u00e1s de una gran resistencia a la intemperie, los rayos UV y el ozono. E<\/span><span>s a prueba de fugas y ha sido probado en secciones de hasta 200 m.<\/span><\/p>\n","protected":false},"featured_media":442,"template":"","meta":{"site-sidebar-layout":"default","site-content-layout":"","ast-site-content-layout":"default","site-content-style":"default","site-sidebar-style":"default","ast-global-header-display":"","ast-banner-title-visibility":"","ast-main-header-display":"","ast-hfb-above-header-display":"","ast-hfb-below-header-display":"","ast-hfb-mobile-header-display":"","site-post-title":"","ast-breadcrumbs-content":"","ast-featured-img":"","footer-sml-layout":"","theme-transparent-header-meta":"default","adv-header-id-meta":"","stick-header-meta":"","header-above-stick-meta":"","header-main-stick-meta":"","header-below-stick-meta":"","astra-migrate-meta-layouts":"set","ast-page-background-enabled":"default","ast-page-background-meta":{"desktop":{"background-color":"var(--ast-global-color-4)","background-image":"","background-repeat":"repeat","background-position":"center center","background-size":"auto","background-attachment":"scroll","background-type":"","background-media":"","overlay-type":"","overlay-color":"","overlay-opacity":"","overlay-gradient":""},"tablet":{"background-color":"","background-image":"","background-repeat":"repeat","background-position":"center center","background-size":"auto","background-attachment":"scroll","background-type":"","background-media":"","overlay-type":"","overlay-color":"","overlay-opacity":"","overlay-gradient":""},"mobile":{"background-color":"","background-image":"","background-repeat":"repeat","background-position":"center center","background-size":"auto","background-attachment":"scroll","background-type":"","background-media":"","overlay-type":"","overlay-color":"","overlay-opacity":"","overlay-gradient":""}},"ast-content-background-meta":{"desktop":{"background-color":"var(--ast-global-color-5)","background-image":"","background-repeat":"repeat","background-position":"center center","background-size":"auto","background-attachment":"scroll","background-type":"","background-media":"","overlay-type":"","overlay-color":"","overlay-opacity":"","overlay-gradient":""},"tablet":{"background-color":"var(--ast-global-color-5)","background-image":"","background-repeat":"repeat","background-position":"center center","background-size":"auto","background-attachment":"scroll","background-type":"","background-media":"","overlay-type":"","overlay-color":"","overlay-opacity":"","overlay-gradient":""},"mobile":{"background-color":"var(--ast-global-color-5)","background-image":"","background-repeat":"repeat","background-position":"center center","background-size":"auto","background-attachment":"scroll","background-type":"","background-media":"","overlay-type":"","overlay-color":"","overlay-opacity":"","overlay-gradient":""}}},"product_cat":[30],"product_tag":[],"class_list":{"0":"post-441","1":"product","2":"type-product","3":"status-publish","4":"has-post-thumbnail","6":"product_cat-mangueras","7":"desktop-align-left","8":"tablet-align-left","9":"mobile-align-left","11":"first","12":"instock","13":"shipping-taxable","14":"product-type-simple"},"_links":{"self":[{"href":"https:\/\/jacol.cl\/index.php\/wp-json\/wp\/v2\/product\/441","targetHints":{"allow":["GET"]}}],"collection":[{"href":"https:\/\/jacol.cl\/index.php\/wp-json\/wp\/v2\/product"}],"about":[{"href":"https:\/\/jacol.cl\/index.php\/wp-json\/wp\/v2\/types\/product"}],"version-history":[{"count":2,"href":"https:\/\/jacol.cl\/index.php\/wp-json\/wp\/v2\/product\/441\/revisions"}],"predecessor-version":[{"id":521,"href":"https:\/\/jacol.cl\/index.php\/wp-json\/wp\/v2\/product\/441\/revisions\/521"}],"wp:featuredmedia":[{"embeddable":true,"href":"https:\/\/jacol.cl\/index.php\/wp-json\/wp\/v2\/media\/442"}],"wp:attachment":[{"href":"https:\/\/jacol.cl\/index.php\/wp-json\/wp\/v2\/media?parent=441"}],"wp:term":[{"taxonomy":"product_cat","embeddable":true,"href":"https:\/\/jacol.cl\/index.php\/wp-json\/wp\/v2\/product_cat?post=441"},{"taxonomy":"product_tag","embeddable":true,"href":"https:\/\/jacol.cl\/index.php\/wp-json\/wp\/v2\/product_tag?post=441"}],"curies":[{"name":"wp","href":"https:\/\/api.w.org\/{rel}","templated":true}]}}