{"id":454,"date":"2024-02-09T20:48:02","date_gmt":"2024-02-09T19:48:02","guid":{"rendered":"https:\/\/jacol.cl\/?post_type=product&#038;p=454"},"modified":"2024-02-09T21:21:35","modified_gmt":"2024-02-09T20:21:35","slug":"placa-filtrante-multimembrana","status":"publish","type":"product","link":"https:\/\/jacol.cl\/index.php\/producto\/placa-filtrante-multimembrana\/","title":{"rendered":"Placa filtrante multimembrana"},"content":{"rendered":"","protected":false},"excerpt":{"rendered":"<p>La versi\u00f3n Multi con c\u00e1mara vac\u00eda de la placa filtrante de membrana reemplazable es un desarrollo de la versi\u00f3n con clip y fue dise\u00f1ada para membranas de elast\u00f3mero. Tiene todos los beneficios principales de la versi\u00f3n soldada. Este producto tambi\u00e9n resiste la presi\u00f3n en c\u00e1maras vac\u00edas.<\/p>\n<p>La membrana es autosellante. El filtrado, el agua de lavado y el medio de exprimido se mantienen separados de forma fiable durante todo el ciclo de filtraci\u00f3n.<\/p>\n","protected":false},"featured_media":455,"template":"","meta":{"site-sidebar-layout":"default","site-content-layout":"","ast-site-content-layout":"default","site-content-style":"default","site-sidebar-style":"default","ast-global-header-display":"","ast-banner-title-visibility":"","ast-main-header-display":"","ast-hfb-above-header-display":"","ast-hfb-below-header-display":"","ast-hfb-mobile-header-display":"","site-post-title":"","ast-breadcrumbs-content":"","ast-featured-img":"","footer-sml-layout":"","theme-transparent-header-meta":"default","adv-header-id-meta":"","stick-header-meta":"","header-above-stick-meta":"","header-main-stick-meta":"","header-below-stick-meta":"","astra-migrate-meta-layouts":"set","ast-page-background-enabled":"default","ast-page-background-meta":{"desktop":{"background-color":"var(--ast-global-color-4)","background-image":"","background-repeat":"repeat","background-position":"center center","background-size":"auto","background-attachment":"scroll","background-type":"","background-media":"","overlay-type":"","overlay-color":"","overlay-opacity":"","overlay-gradient":""},"tablet":{"background-color":"","background-image":"","background-repeat":"repeat","background-position":"center center","background-size":"auto","background-attachment":"scroll","background-type":"","background-media":"","overlay-type":"","overlay-color":"","overlay-opacity":"","overlay-gradient":""},"mobile":{"background-color":"","background-image":"","background-repeat":"repeat","background-position":"center center","background-size":"auto","background-attachment":"scroll","background-type":"","background-media":"","overlay-type":"","overlay-color":"","overlay-opacity":"","overlay-gradient":""}},"ast-content-background-meta":{"desktop":{"background-color":"var(--ast-global-color-5)","background-image":"","background-repeat":"repeat","background-position":"center center","background-size":"auto","background-attachment":"scroll","background-type":"","background-media":"","overlay-type":"","overlay-color":"","overlay-opacity":"","overlay-gradient":""},"tablet":{"background-color":"var(--ast-global-color-5)","background-image":"","background-repeat":"repeat","background-position":"center center","background-size":"auto","background-attachment":"scroll","background-type":"","background-media":"","overlay-type":"","overlay-color":"","overlay-opacity":"","overlay-gradient":""},"mobile":{"background-color":"var(--ast-global-color-5)","background-image":"","background-repeat":"repeat","background-position":"center center","background-size":"auto","background-attachment":"scroll","background-type":"","background-media":"","overlay-type":"","overlay-color":"","overlay-opacity":"","overlay-gradient":""}}},"product_cat":[33],"product_tag":[],"class_list":{"0":"post-454","1":"product","2":"type-product","3":"status-publish","4":"has-post-thumbnail","6":"product_cat-placas-filtro","7":"desktop-align-left","8":"tablet-align-left","9":"mobile-align-left","11":"first","12":"instock","13":"shipping-taxable","14":"product-type-simple"},"_links":{"self":[{"href":"https:\/\/jacol.cl\/index.php\/wp-json\/wp\/v2\/product\/454","targetHints":{"allow":["GET"]}}],"collection":[{"href":"https:\/\/jacol.cl\/index.php\/wp-json\/wp\/v2\/product"}],"about":[{"href":"https:\/\/jacol.cl\/index.php\/wp-json\/wp\/v2\/types\/product"}],"version-history":[{"count":1,"href":"https:\/\/jacol.cl\/index.php\/wp-json\/wp\/v2\/product\/454\/revisions"}],"predecessor-version":[{"id":456,"href":"https:\/\/jacol.cl\/index.php\/wp-json\/wp\/v2\/product\/454\/revisions\/456"}],"wp:featuredmedia":[{"embeddable":true,"href":"https:\/\/jacol.cl\/index.php\/wp-json\/wp\/v2\/media\/455"}],"wp:attachment":[{"href":"https:\/\/jacol.cl\/index.php\/wp-json\/wp\/v2\/media?parent=454"}],"wp:term":[{"taxonomy":"product_cat","embeddable":true,"href":"https:\/\/jacol.cl\/index.php\/wp-json\/wp\/v2\/product_cat?post=454"},{"taxonomy":"product_tag","embeddable":true,"href":"https:\/\/jacol.cl\/index.php\/wp-json\/wp\/v2\/product_tag?post=454"}],"curies":[{"name":"wp","href":"https:\/\/api.w.org\/{rel}","templated":true}]}}